{"id":139,"date":"2017-01-17T21:06:57","date_gmt":"2017-01-17T20:06:57","guid":{"rendered":"http:\/\/www.praxistest-online.de\/?page_id=139"},"modified":"2017-01-18T08:16:19","modified_gmt":"2017-01-18T07:16:19","slug":"hoerfunk-service","status":"publish","type":"page","link":"https:\/\/www.praxistest-online.de\/?page_id=139","title":{"rendered":"H\u00f6rfunk-Service"},"content":{"rendered":"<p class=\"bintro\">Sehr geehrte Radiostationen und H\u00f6rfunkredaktionen!<\/p>\n<p class=\"beitrag\">Als Spezialist auf dem Gebiet Audio-Produktion bietet Ihnen AP Mediaservice zuk\u00fcnftig in diesem Bereich sendefertige H\u00f6rfunkpresskits und Audiobeitr\u00e4ge unserer Produkttests an, die Sie gerne jederzeit kostenlos in Ihrem Programm nutzen d\u00fcrfen.<\/p>\n<p class=\"beitrag\">Wie auch unsere schriftlichen Testberichte sind unsere Audiobeitr\u00e4ge ebenfalls neutral gehalten und verstehen sich nicht als Werbung f\u00fcr eine bestimmte Marke, sondern sollen Ihren H\u00f6rern einen informativen Mehrwert bieten.<\/p>\n<p class=\"beitrag\">Der Aufbau dieses Archivs wird noch einige Zeit in Anspruch nehmen &#8211; bitte besuchen Sie uns regelm\u00e4\u00dfig, damit Sie nichts verpassen.<\/p>\n<p class=\"beitrag\"><strong>Bei Fragen stehen wir Ihnen jederzeit zur Verf\u00fcgung!<\/strong><\/p>\n","protected":false},"excerpt":{"rendered":"<p>Sehr geehrte Radiostationen und H\u00f6rfunkredaktionen! Als Spezialist auf dem Gebiet Audio-Produktion bietet Ihnen AP Mediaservice zuk\u00fcnftig in diesem Bereich sendefertige H\u00f6rfunkpresskits und Audiobeitr\u00e4ge unserer Produkttests an, die Sie gerne jederzeit [&hellip;]<\/p>\n","protected":false},"author":1,"featured_media":0,"parent":0,"menu_order":5,"comment_status":"closed","ping_status":"closed","template":"","meta":{"footnotes":""},"class_list":["post-139","page","type-page","status-publish","hentry"],"_links":{"self":[{"href":"https:\/\/www.praxistest-online.de\/index.php?rest_route=\/wp\/v2\/pages\/139"}],"collection":[{"href":"https:\/\/www.praxistest-online.de\/index.php?rest_route=\/wp\/v2\/pages"}],"about":[{"href":"https:\/\/www.praxistest-online.de\/index.php?rest_route=\/wp\/v2\/types\/page"}],"author":[{"embeddable":true,"href":"https:\/\/www.praxistest-online.de\/index.php?rest_route=\/wp\/v2\/users\/1"}],"replies":[{"embeddable":true,"href":"https:\/\/www.praxistest-online.de\/index.php?rest_route=%2Fwp%2Fv2%2Fcomments&post=139"}],"version-history":[{"count":3,"href":"https:\/\/www.praxistest-online.de\/index.php?rest_route=\/wp\/v2\/pages\/139\/revisions"}],"predecessor-version":[{"id":142,"href":"https:\/\/www.praxistest-online.de\/index.php?rest_route=\/wp\/v2\/pages\/139\/revisions\/142"}],"wp:attachment":[{"href":"https:\/\/www.praxistest-online.de\/index.php?rest_route=%2Fwp%2Fv2%2Fmedia&parent=139"}],"curies":[{"name":"wp","href":"https:\/\/api.w.org\/{rel}","templated":true}]}}