{"id":27,"date":"2017-01-16T10:24:04","date_gmt":"2017-01-16T09:24:04","guid":{"rendered":"http:\/\/www.praxistest-online.de\/?page_id=27"},"modified":"2024-01-25T09:33:00","modified_gmt":"2024-01-25T08:33:00","slug":"home","status":"publish","type":"page","link":"https:\/\/www.praxistest-online.de\/","title":{"rendered":"Home"},"content":{"rendered":"<h2 style=\"text-align: center;\">UNABH\u00c4NGIG &#8211; NEUTRAL &#8211; EHRLICH<\/h2>\n<p style=\"text-align: center;\">Herzlich willkommen auf praxistest-online.de!<\/p>\n<p>Wir nehmen f\u00fcr Sie die Produktwelt haargenau unter die Lupe&#8230;damit Fehlk\u00e4ufe der Vergangenheit angeh\u00f6ren und Ihrer Entscheidung f\u00fcr oder gegen ein Produkt auf die Spr\u00fcnge geholfen wird.<\/p>\n<p style=\"text-align: center;\"><strong>Viele Gr\u00fc\u00dfe, Ihr praxistest-online-Team<\/strong><\/p>\n","protected":false},"excerpt":{"rendered":"<p>UNABH\u00c4NGIG &#8211; NEUTRAL &#8211; EHRLICH Herzlich willkommen auf praxistest-online.de! Wir nehmen f\u00fcr Sie die Produktwelt haargenau unter die Lupe&#8230;damit Fehlk\u00e4ufe der Vergangenheit angeh\u00f6ren und Ihrer Entscheidung f\u00fcr oder gegen ein [&hellip;]<\/p>\n","protected":false},"author":1,"featured_media":0,"parent":0,"menu_order":1,"comment_status":"closed","ping_status":"closed","template":"template-slider.php","meta":{"footnotes":""},"class_list":["post-27","page","type-page","status-publish","hentry"],"_links":{"self":[{"href":"https:\/\/www.praxistest-online.de\/index.php?rest_route=\/wp\/v2\/pages\/27"}],"collection":[{"href":"https:\/\/www.praxistest-online.de\/index.php?rest_route=\/wp\/v2\/pages"}],"about":[{"href":"https:\/\/www.praxistest-online.de\/index.php?rest_route=\/wp\/v2\/types\/page"}],"author":[{"embeddable":true,"href":"https:\/\/www.praxistest-online.de\/index.php?rest_route=\/wp\/v2\/users\/1"}],"replies":[{"embeddable":true,"href":"https:\/\/www.praxistest-online.de\/index.php?rest_route=%2Fwp%2Fv2%2Fcomments&post=27"}],"version-history":[{"count":3,"href":"https:\/\/www.praxistest-online.de\/index.php?rest_route=\/wp\/v2\/pages\/27\/revisions"}],"predecessor-version":[{"id":283,"href":"https:\/\/www.praxistest-online.de\/index.php?rest_route=\/wp\/v2\/pages\/27\/revisions\/283"}],"wp:attachment":[{"href":"https:\/\/www.praxistest-online.de\/index.php?rest_route=%2Fwp%2Fv2%2Fmedia&parent=27"}],"curies":[{"name":"wp","href":"https:\/\/api.w.org\/{rel}","templated":true}]}}